{"id":160,"date":"2018-04-03T14:05:58","date_gmt":"2018-04-03T14:05:58","guid":{"rendered":"http:\/\/kinder.schminkteam.de\/?page_id=160"},"modified":"2022-04-06T10:00:12","modified_gmt":"2022-04-06T10:00:12","slug":"startseite","status":"publish","type":"page","link":"https:\/\/www.schminkteam.de\/","title":{"rendered":"Startseite"},"content":{"rendered":"\n<pre class=\"wp-block-preformatted\">\n<\/pre>\n\n\n\n<div class=\"wp-block-media-text alignwide is-stacked-on-mobile\"><figure class=\"wp-block-media-text__media\"><img loading=\"lazy\" width=\"1024\" height=\"683\" src=\"https:\/\/www.schminkteam.de\/wp-content\/uploads\/2018\/05\/DSC_0604-1024x683.jpg\" alt=\"\" class=\"wp-image-280 size-full\" srcset=\"https:\/\/www.schminkteam.de\/wp-content\/uploads\/2018\/05\/DSC_0604-1024x683.jpg 1024w, https:\/\/www.schminkteam.de\/wp-content\/uploads\/2018\/05\/DSC_0604-300x200.jpg 300w, https:\/\/www.schminkteam.de\/wp-content\/uploads\/2018\/05\/DSC_0604-768x512.jpg 768w\" sizes=\"(max-width: 1024px) 100vw, 1024px\" \/><\/figure><div class=\"wp-block-media-text__content\">\n<p>Euer Schminkteam in K\u00f6ln bietet Events, Kindergeburtstage, Kreativstationen und vieles mehr. <\/p>\n\n\n\n<p>In K\u00f6ln Weidenpesch auf der Galopprennbahn oder vor Ort auf Stra\u00dfenfesten, Firmenfeiern und zu Hause.<\/p>\n<\/div><\/div>\n","protected":false},"excerpt":{"rendered":"<p>Euer Schminkteam in K\u00f6ln bietet Events, Kindergeburtstage, Kreativstationen und vieles mehr. In K\u00f6ln Weidenpesch auf der Galopprennbahn oder vor Ort auf Stra\u00dfenfesten, Firmenfeiern und zu Hause.<\/p>\n","protected":false},"author":1,"featured_media":0,"parent":0,"menu_order":0,"comment_status":"closed","ping_status":"closed","template":"","meta":[],"_links":{"self":[{"href":"https:\/\/www.schminkteam.de\/index.php?rest_route=\/wp\/v2\/pages\/160"}],"collection":[{"href":"https:\/\/www.schminkteam.de\/index.php?rest_route=\/wp\/v2\/pages"}],"about":[{"href":"https:\/\/www.schminkteam.de\/index.php?rest_route=\/wp\/v2\/types\/page"}],"author":[{"embeddable":true,"href":"https:\/\/www.schminkteam.de\/index.php?rest_route=\/wp\/v2\/users\/1"}],"replies":[{"embeddable":true,"href":"https:\/\/www.schminkteam.de\/index.php?rest_route=%2Fwp%2Fv2%2Fcomments&post=160"}],"version-history":[{"count":16,"href":"https:\/\/www.schminkteam.de\/index.php?rest_route=\/wp\/v2\/pages\/160\/revisions"}],"predecessor-version":[{"id":346,"href":"https:\/\/www.schminkteam.de\/index.php?rest_route=\/wp\/v2\/pages\/160\/revisions\/346"}],"wp:attachment":[{"href":"https:\/\/www.schminkteam.de\/index.php?rest_route=%2Fwp%2Fv2%2Fmedia&parent=160"}],"curies":[{"name":"wp","href":"https:\/\/api.w.org\/{rel}","templated":true}]}}